{"id":10,"date":"2025-09-04T09:30:42","date_gmt":"2025-09-04T09:30:42","guid":{"rendered":"https:\/\/kekonum.com\/contact-us\/"},"modified":"2026-02-15T21:00:29","modified_gmt":"2026-02-15T21:00:29","slug":"contact-us","status":"publish","type":"page","link":"https:\/\/kekonum.com\/?page_id=10","title":{"rendered":"Contato"},"content":{"rendered":"<h2><span dir=\"auto\" style=\"vertical-align: inherit;\">Contacta con Kekonum<\/span><\/h2>\n<p><span dir=\"auto\" style=\"vertical-align: inherit;\">\u00a1Nos encantar\u00eda saber de ti! Si tienes alguna pregunta, comentario o simplemente quieres saludarnos, no dudes en contactarnos mediante el formulario a continuaci\u00f3n o a trav\u00e9s de nuestra informaci\u00f3n de contacto.<\/span><\/p>\n<h3><span dir=\"auto\" style=\"vertical-align: inherit;\">Cont\u00e1ctanos<\/span><\/h3>\n<p><span dir=\"auto\" style=\"vertical-align: inherit;\">Correo electr\u00f3nico: <\/span><a href=\"mailto:support@kekonum.com\"><span dir=\"auto\" style=\"vertical-align: inherit;\">support@kekonum.com<\/span><\/a><\/p>\n<h3><span dir=\"auto\" style=\"vertical-align: inherit;\">Env\u00edanos un mensaje<\/span><\/h3>\n<p><span dir=\"auto\" style=\"vertical-align: inherit;\">Por favor, rellene el siguiente formulario y nos pondremos en contacto con usted lo antes posible:<\/span><\/p>\n<p><span dir=\"auto\" style=\"vertical-align: inherit;\">[contact-form-7 id=&#8221;1&#8243; title=&#8221;Formulario de contacto 1&#8243;]<\/span><\/p>\n<div class=\"contact-form-fallback\">\n<form action=\"https:\/\/kekonum.com\/wp-admin\/admin-post.php\" method=\"post\"><label for=\"contact-name\"><span dir=\"auto\" style=\"vertical-align: inherit;\">Nombre *<\/span><\/label><br \/>\n<input id=\"contact-name\" style=\"width: 100%; max-width: 400px; padding: 8px;\" name=\"contact_name\" required=\"\" type=\"text\" \/><label for=\"contact-email\"><span dir=\"auto\" style=\"vertical-align: inherit;\">Correo electr\u00f3nico *<\/span><\/label><br \/>\n<input id=\"contact-email\" style=\"width: 100%; max-width: 400px; padding: 8px;\" name=\"contact_email\" required=\"\" type=\"email\" \/><\/p>\n<p><label for=\"contact-subject\"><span dir=\"auto\" style=\"vertical-align: inherit;\">Sujeto<\/span><\/label><br \/>\n<input id=\"contact-subject\" style=\"width: 100%; max-width: 400px; padding: 8px;\" name=\"contact_subject\" type=\"text\" \/><\/p>\n<p><label for=\"contact-message\"><span dir=\"auto\" style=\"vertical-align: inherit;\">Mensaje *<\/span><\/label><br \/>\n<textarea id=\"contact-message\" style=\"width: 100%; max-width: 400px; padding: 8px;\" name=\"contact_message\" required=\"\" rows=\"6\"><\/textarea><\/p>\n<p><span dir=\"auto\" style=\"vertical-align: inherit;\"><input style=\"background: #0073aa; color: white; padding: 10px 20px; border: none; cursor: pointer;\" type=\"submit\" value=\"Enviar mensaje\" \/><\/span><\/p>\n<p><input name=\"action\" type=\"hidden\" value=\"sonic_contact_form\" \/><br \/>\n<input name=\"nonce\" type=\"hidden\" value=\"3e246e584f\" \/><\/p>\n<\/form>\n<\/div>\n<h3><span dir=\"auto\" style=\"vertical-align: inherit;\">Horario comercial<\/span><\/h3>\n<p><span dir=\"auto\" style=\"vertical-align: inherit;\">Normalmente respondemos a las consultas dentro de las 24 a 48 horas durante los d\u00edas h\u00e1biles.<\/span><\/p>\n<p><span dir=\"auto\" style=\"vertical-align: inherit;\">Gracias por su inter\u00e9s en Kekonum. \u00a1Esperamos tener noticias suyas!<\/span><\/p>\n","protected":false},"excerpt":{"rendered":"<p>Contacta con Kekonum \u00a1Nos encantar\u00eda saber de ti! Si tienes alguna pregunta, comentario o simplemente quieres saludarnos, no dudes en contactarnos mediante el formulario a continuaci\u00f3n o a trav\u00e9s de nuestra informaci\u00f3n de contacto. Cont\u00e1ctanos Correo electr\u00f3nico: support@kekonum.com Env\u00edanos un mensaje Por favor, rellene el siguiente formulario y nos pondremos en contacto con usted lo &#8230; <a title=\"Contato\" class=\"read-more\" href=\"https:\/\/kekonum.com\/?page_id=10\" aria-label=\"Read more about Contato\">Read more<\/a><\/p>\n","protected":false},"author":1,"featured_media":0,"parent":0,"menu_order":0,"comment_status":"closed","ping_status":"closed","template":"","meta":{"footnotes":""},"class_list":["post-10","page","type-page","status-publish"],"_links":{"self":[{"href":"https:\/\/kekonum.com\/index.php?rest_route=\/wp\/v2\/pages\/10","targetHints":{"allow":["GET"]}}],"collection":[{"href":"https:\/\/kekonum.com\/index.php?rest_route=\/wp\/v2\/pages"}],"about":[{"href":"https:\/\/kekonum.com\/index.php?rest_route=\/wp\/v2\/types\/page"}],"author":[{"embeddable":true,"href":"https:\/\/kekonum.com\/index.php?rest_route=\/wp\/v2\/users\/1"}],"replies":[{"embeddable":true,"href":"https:\/\/kekonum.com\/index.php?rest_route=%2Fwp%2Fv2%2Fcomments&post=10"}],"version-history":[{"count":2,"href":"https:\/\/kekonum.com\/index.php?rest_route=\/wp\/v2\/pages\/10\/revisions"}],"predecessor-version":[{"id":192,"href":"https:\/\/kekonum.com\/index.php?rest_route=\/wp\/v2\/pages\/10\/revisions\/192"}],"wp:attachment":[{"href":"https:\/\/kekonum.com\/index.php?rest_route=%2Fwp%2Fv2%2Fmedia&parent=10"}],"curies":[{"name":"wp","href":"https:\/\/api.w.org\/{rel}","templated":true}]}}