{"id":12,"date":"2025-09-04T03:19:57","date_gmt":"2025-09-04T03:19:57","guid":{"rendered":"https:\/\/kekonum.com\/privacy-policy\/"},"modified":"2026-02-15T21:03:06","modified_gmt":"2026-02-15T21:03:06","slug":"privacy-policy","status":"publish","type":"page","link":"https:\/\/kekonum.com\/?page_id=12","title":{"rendered":"Pol\u00edtica De Privacidad"},"content":{"rendered":"<h2><span dir=\"auto\" style=\"vertical-align: inherit;\">Pol\u00edtica de privacidad de Kekonum<\/span><\/h2>\n<p><span dir=\"auto\" style=\"vertical-align: inherit;\">En Kekonum, accesible desde https:\/\/kekonum.com, una de nuestras principales prioridades es la privacidad de nuestros visitantes. Esta Pol\u00edtica de Privacidad contiene los tipos de informaci\u00f3n que Kekonum recopila y registra, as\u00ed como su uso.<\/span><\/p>\n<h3><span dir=\"auto\" style=\"vertical-align: inherit;\">Informaci\u00f3n que recopilamos<\/span><\/h3>\n<p><span dir=\"auto\" style=\"vertical-align: inherit;\">La informaci\u00f3n personal que se le solicita que proporcione, y los motivos por los cuales se le solicita que la proporcione, se le aclarar\u00e1n en el momento en que le solicitemos que proporcione su informaci\u00f3n personal.<\/span><\/p>\n<h3><span dir=\"auto\" style=\"vertical-align: inherit;\">C\u00f3mo usamos su informaci\u00f3n<\/span><\/h3>\n<p><span dir=\"auto\" style=\"vertical-align: inherit;\">Utilizamos la informaci\u00f3n que recopilamos de diversas maneras, incluso para:<\/span><\/p>\n<ul>\n<li><span dir=\"auto\" style=\"vertical-align: inherit;\">Proporcionar, operar y mantener nuestro sitio web<\/span><\/li>\n<li><span dir=\"auto\" style=\"vertical-align: inherit;\">Mejorar, personalizar y ampliar nuestro sitio web<\/span><\/li>\n<li><span dir=\"auto\" style=\"vertical-align: inherit;\">Comprender y analizar c\u00f3mo utiliza nuestro sitio web<\/span><\/li>\n<li><span dir=\"auto\" style=\"vertical-align: inherit;\">Desarrollar nuevos productos, servicios, caracter\u00edsticas y funcionalidades.<\/span><\/li>\n<\/ul>\n<h3><span dir=\"auto\" style=\"vertical-align: inherit;\">Archivos de registro<\/span><\/h3>\n<p><span dir=\"auto\" style=\"vertical-align: inherit;\">Kekonum sigue un procedimiento est\u00e1ndar de uso de archivos de registro. Estos archivos registran a los visitantes cuando visitan sitios web. Todas las empresas de hosting lo hacen y forman parte de las anal\u00edticas de sus servicios.<\/span><\/p>\n<h3><span dir=\"auto\" style=\"vertical-align: inherit;\">Cookies y balizas web<\/span><\/h3>\n<p><span dir=\"auto\" style=\"vertical-align: inherit;\">Como cualquier otro sitio web, Kekonum utiliza cookies. Estas cookies se utilizan para almacenar informaci\u00f3n, como las preferencias de los visitantes y las p\u00e1ginas del sitio web que accedieron o visitaron.<\/span><\/p>\n<h3><span dir=\"auto\" style=\"vertical-align: inherit;\">Cont\u00e1ctenos<\/span><\/h3>\n<p><span dir=\"auto\" style=\"vertical-align: inherit;\">Si tiene alguna pregunta sobre esta Pol\u00edtica de privacidad, cont\u00e1ctenos en support@kekonum.com o visite nuestra p\u00e1gina de contacto en https:\/\/kekonum.com\/contact.<\/span><\/p>\n<p><em><span dir=\"auto\" style=\"vertical-align: inherit;\">Esta pol\u00edtica de privacidad se actualiz\u00f3 por \u00faltima vez el 30 de enero de 2026.<\/span><\/em><\/p>\n","protected":false},"excerpt":{"rendered":"<p>Pol\u00edtica de privacidad de Kekonum En Kekonum, accesible desde https:\/\/kekonum.com, una de nuestras principales prioridades es la privacidad de nuestros visitantes. Esta Pol\u00edtica de Privacidad contiene los tipos de informaci\u00f3n que Kekonum recopila y registra, as\u00ed como su uso. Informaci\u00f3n que recopilamos La informaci\u00f3n personal que se le solicita que proporcione, y los motivos por &#8230; <a title=\"Pol\u00edtica De Privacidad\" class=\"read-more\" href=\"https:\/\/kekonum.com\/?page_id=12\" aria-label=\"Read more about Pol\u00edtica De Privacidad\">Read more<\/a><\/p>\n","protected":false},"author":1,"featured_media":0,"parent":0,"menu_order":0,"comment_status":"closed","ping_status":"closed","template":"","meta":{"footnotes":""},"class_list":["post-12","page","type-page","status-publish"],"_links":{"self":[{"href":"https:\/\/kekonum.com\/index.php?rest_route=\/wp\/v2\/pages\/12","targetHints":{"allow":["GET"]}}],"collection":[{"href":"https:\/\/kekonum.com\/index.php?rest_route=\/wp\/v2\/pages"}],"about":[{"href":"https:\/\/kekonum.com\/index.php?rest_route=\/wp\/v2\/types\/page"}],"author":[{"embeddable":true,"href":"https:\/\/kekonum.com\/index.php?rest_route=\/wp\/v2\/users\/1"}],"replies":[{"embeddable":true,"href":"https:\/\/kekonum.com\/index.php?rest_route=%2Fwp%2Fv2%2Fcomments&post=12"}],"version-history":[{"count":2,"href":"https:\/\/kekonum.com\/index.php?rest_route=\/wp\/v2\/pages\/12\/revisions"}],"predecessor-version":[{"id":195,"href":"https:\/\/kekonum.com\/index.php?rest_route=\/wp\/v2\/pages\/12\/revisions\/195"}],"wp:attachment":[{"href":"https:\/\/kekonum.com\/index.php?rest_route=%2Fwp%2Fv2%2Fmedia&parent=12"}],"curies":[{"name":"wp","href":"https:\/\/api.w.org\/{rel}","templated":true}]}}