{"id":7,"date":"2025-09-03T22:33:42","date_gmt":"2025-09-03T22:33:42","guid":{"rendered":"https:\/\/kekonum.com\/terms-and-conditions\/"},"modified":"2026-02-15T21:06:43","modified_gmt":"2026-02-15T21:06:43","slug":"terms-and-conditions","status":"publish","type":"page","link":"https:\/\/kekonum.com\/?page_id=7","title":{"rendered":"T\u00e9rminos Y Condiciones"},"content":{"rendered":"<h2><span dir=\"auto\" style=\"vertical-align: inherit;\">T\u00e9rminos y condiciones de Kekonum<\/span><\/h2>\n<p><span dir=\"auto\" style=\"vertical-align: inherit;\">Estos t\u00e9rminos y condiciones describen las reglas y regulaciones para el uso del sitio web de Kekonum, ubicado en https:\/\/kekonum.com.<\/span><\/p>\n<h3><span dir=\"auto\" style=\"vertical-align: inherit;\">Aceptaci\u00f3n de los t\u00e9rminos<\/span><\/h3>\n<p><span dir=\"auto\" style=\"vertical-align: inherit;\">Al acceder a este sitio web, asumimos que acepta estos t\u00e9rminos y condiciones. No contin\u00fae utilizando Kekonum si no acepta todos los t\u00e9rminos y condiciones establecidos en esta p\u00e1gina.<\/span><\/p>\n<h3><span dir=\"auto\" style=\"vertical-align: inherit;\">Licencia de uso<\/span><\/h3>\n<p><span dir=\"auto\" style=\"vertical-align: inherit;\">Se concede permiso para descargar temporalmente una copia de los materiales de Kekonum \u00fanicamente para su visualizaci\u00f3n transitoria personal y no comercial. Esta licencia constituye una concesi\u00f3n de licencia, no una transferencia de titularidad, y bajo esta licencia no podr\u00e1:<\/span><\/p>\n<ul>\n<li><span dir=\"auto\" style=\"vertical-align: inherit;\">modificar o copiar los materiales<\/span><\/li>\n<li><span dir=\"auto\" style=\"vertical-align: inherit;\">utilizar los materiales para cualquier prop\u00f3sito comercial o para cualquier exhibici\u00f3n p\u00fablica<\/span><\/li>\n<li><span dir=\"auto\" style=\"vertical-align: inherit;\">Intentar realizar ingenier\u00eda inversa a cualquier software contenido en el sitio web.<\/span><\/li>\n<li><span dir=\"auto\" style=\"vertical-align: inherit;\">eliminar cualquier copyright u otras notaciones de propiedad de los materiales<\/span><\/li>\n<\/ul>\n<h3><span dir=\"auto\" style=\"vertical-align: inherit;\">Descargo de responsabilidad<\/span><\/h3>\n<p><span dir=\"auto\" style=\"vertical-align: inherit;\">Los materiales de Kekonum se proporcionan &#8220;tal cual&#8221;. Kekonum no ofrece garant\u00edas, expresas ni impl\u00edcitas, y por la presente renuncia y niega cualquier otra garant\u00eda, incluyendo, entre otras, las garant\u00edas o condiciones impl\u00edcitas de comerciabilidad, idoneidad para un fin espec\u00edfico o no infracci\u00f3n de la propiedad intelectual u otra violaci\u00f3n de derechos.<\/span><\/p>\n<h3><span dir=\"auto\" style=\"vertical-align: inherit;\">Limitaciones<\/span><\/h3>\n<p><span dir=\"auto\" style=\"vertical-align: inherit;\">En ning\u00fan caso Kekonum o sus proveedores ser\u00e1n responsables de ning\u00fan da\u00f1o (incluidos, sin limitaci\u00f3n, da\u00f1os por p\u00e9rdida de datos o ganancias o debido a la interrupci\u00f3n del negocio) que surja del uso o la imposibilidad de usar los materiales en Kekonum, incluso si Kekonum o un representante autorizado ha sido notificado oralmente o por escrito de la posibilidad de tal da\u00f1o.<\/span><\/p>\n<h3><span dir=\"auto\" style=\"vertical-align: inherit;\">Informaci\u00f3n del contacto<\/span><\/h3>\n<p><span dir=\"auto\" style=\"vertical-align: inherit;\">Si tiene alguna pregunta sobre estos T\u00e9rminos y Condiciones, cont\u00e1ctenos en support@kekonum.com o visite nuestra p\u00e1gina de contacto en https:\/\/kekonum.com\/contact.<\/span><\/p>\n<p><em><span dir=\"auto\" style=\"vertical-align: inherit;\">Estos t\u00e9rminos y condiciones se actualizaron por \u00faltima vez el 30 de enero de 2026.<\/span><\/em><\/p>\n","protected":false},"excerpt":{"rendered":"<p>T\u00e9rminos y condiciones de Kekonum Estos t\u00e9rminos y condiciones describen las reglas y regulaciones para el uso del sitio web de Kekonum, ubicado en https:\/\/kekonum.com. Aceptaci\u00f3n de los t\u00e9rminos Al acceder a este sitio web, asumimos que acepta estos t\u00e9rminos y condiciones. No contin\u00fae utilizando Kekonum si no acepta todos los t\u00e9rminos y condiciones establecidos &#8230; <a title=\"T\u00e9rminos Y Condiciones\" class=\"read-more\" href=\"https:\/\/kekonum.com\/?page_id=7\" aria-label=\"Read more about T\u00e9rminos Y Condiciones\">Read more<\/a><\/p>\n","protected":false},"author":1,"featured_media":0,"parent":0,"menu_order":0,"comment_status":"closed","ping_status":"closed","template":"","meta":{"footnotes":""},"class_list":["post-7","page","type-page","status-publish"],"_links":{"self":[{"href":"https:\/\/kekonum.com\/index.php?rest_route=\/wp\/v2\/pages\/7","targetHints":{"allow":["GET"]}}],"collection":[{"href":"https:\/\/kekonum.com\/index.php?rest_route=\/wp\/v2\/pages"}],"about":[{"href":"https:\/\/kekonum.com\/index.php?rest_route=\/wp\/v2\/types\/page"}],"author":[{"embeddable":true,"href":"https:\/\/kekonum.com\/index.php?rest_route=\/wp\/v2\/users\/1"}],"replies":[{"embeddable":true,"href":"https:\/\/kekonum.com\/index.php?rest_route=%2Fwp%2Fv2%2Fcomments&post=7"}],"version-history":[{"count":1,"href":"https:\/\/kekonum.com\/index.php?rest_route=\/wp\/v2\/pages\/7\/revisions"}],"predecessor-version":[{"id":199,"href":"https:\/\/kekonum.com\/index.php?rest_route=\/wp\/v2\/pages\/7\/revisions\/199"}],"wp:attachment":[{"href":"https:\/\/kekonum.com\/index.php?rest_route=%2Fwp%2Fv2%2Fmedia&parent=7"}],"curies":[{"name":"wp","href":"https:\/\/api.w.org\/{rel}","templated":true}]}}