{"id":8,"date":"2025-09-03T23:41:42","date_gmt":"2025-09-03T23:41:42","guid":{"rendered":"https:\/\/kekonum.com\/cookies-policy\/"},"modified":"2026-02-15T21:05:11","modified_gmt":"2026-02-15T21:05:11","slug":"cookies-policy","status":"publish","type":"page","link":"https:\/\/kekonum.com\/?page_id=8","title":{"rendered":"Pol\u00edtica De Cookies"},"content":{"rendered":"<h2><span dir=\"auto\" style=\"vertical-align: inherit;\">Pol\u00edtica de cookies de Kekonum<\/span><\/h2>\n<p><span dir=\"auto\" style=\"vertical-align: inherit;\">Esta es la Pol\u00edtica de Cookies de Kekonum, accesible desde https:\/\/kekonum.com<\/span><\/p>\n<h3><span dir=\"auto\" style=\"vertical-align: inherit;\">\u00bfQu\u00e9 son las cookies?<\/span><\/h3>\n<p><span dir=\"auto\" style=\"vertical-align: inherit;\">Como es habitual en casi todos los sitios web profesionales, este sitio utiliza cookies, que son peque\u00f1os archivos que se descargan en su ordenador, para mejorar su experiencia. Esta p\u00e1gina describe qu\u00e9 informaci\u00f3n recopilan, c\u00f3mo la usamos y por qu\u00e9 a veces necesitamos almacenar estas cookies.<\/span><\/p>\n<h3><span dir=\"auto\" style=\"vertical-align: inherit;\">C\u00f3mo utilizamos las cookies<\/span><\/h3>\n<p><span dir=\"auto\" style=\"vertical-align: inherit;\">Utilizamos cookies por diversas razones que se detallan a continuaci\u00f3n. Lamentablemente, en la mayor\u00eda de los casos, no existen opciones est\u00e1ndar en la industria para deshabilitar las cookies sin desactivar por completo la funcionalidad y las caracter\u00edsticas que a\u00f1aden a este sitio.<\/span><\/p>\n<h3><span dir=\"auto\" style=\"vertical-align: inherit;\">Desactivaci\u00f3n de cookies<\/span><\/h3>\n<p><span dir=\"auto\" style=\"vertical-align: inherit;\">Puede evitar la instalaci\u00f3n de cookies configurando su navegador (consulte la Ayuda de su navegador para saber c\u00f3mo hacerlo). Tenga en cuenta que deshabilitar las cookies afectar\u00e1 la funcionalidad de este y muchos otros sitios web que visite.<\/span><\/p>\n<h3><span dir=\"auto\" style=\"vertical-align: inherit;\">Las cookies que configuramos<\/span><\/h3>\n<ul>\n<li><strong><span dir=\"auto\" style=\"vertical-align: inherit;\">Cookies de preferencias del sitio:<\/span><\/strong><span dir=\"auto\" style=\"vertical-align: inherit;\"> para brindarle una excelente experiencia en este sitio, proporcionamos la funcionalidad para establecer sus preferencias sobre c\u00f3mo funciona este sitio cuando lo utiliza.<\/span><\/li>\n<li><strong><span dir=\"auto\" style=\"vertical-align: inherit;\">Cookies relacionadas con el inicio de sesi\u00f3n:<\/span><\/strong><span dir=\"auto\" style=\"vertical-align: inherit;\"> utilizamos cookies cuando usted inicia sesi\u00f3n para que podamos recordar este hecho.<\/span><\/li>\n<li><strong><span dir=\"auto\" style=\"vertical-align: inherit;\">Cookies relacionadas con formularios:<\/span><\/strong><span dir=\"auto\" style=\"vertical-align: inherit;\"> cuando env\u00eda datos a trav\u00e9s de un formulario como los que se encuentran en las p\u00e1ginas de contacto o formularios de comentarios, se pueden configurar cookies para recordar sus datos de usuario para futura correspondencia.<\/span><\/li>\n<\/ul>\n<h3><span dir=\"auto\" style=\"vertical-align: inherit;\">Cookies de terceros<\/span><\/h3>\n<p><span dir=\"auto\" style=\"vertical-align: inherit;\">En algunos casos especiales, tambi\u00e9n utilizamos cookies proporcionadas por terceros de confianza. La siguiente secci\u00f3n detalla qu\u00e9 cookies de terceros podr\u00eda encontrar en este sitio.<\/span><\/p>\n<h3><span dir=\"auto\" style=\"vertical-align: inherit;\">M\u00e1s informaci\u00f3n<\/span><\/h3>\n<p><span dir=\"auto\" style=\"vertical-align: inherit;\">Espero que esto te haya aclarado las cosas. Como ya se mencion\u00f3, si hay algo que no est\u00e1s seguro de si necesitas o no, suele ser m\u00e1s seguro dejar las cookies activadas por si interact\u00faan con alguna de las funciones que usas en nuestro sitio.<\/span><\/p>\n<p><span dir=\"auto\" style=\"vertical-align: inherit;\">Para obtener informaci\u00f3n m\u00e1s general sobre las cookies, lea el art\u00edculo &#8220;Cookies&#8221; del Generador de pol\u00edticas de privacidad.<\/span><\/p>\n<p><span dir=\"auto\" style=\"vertical-align: inherit;\">Si tiene alguna pregunta sobre nuestra pol\u00edtica de cookies, cont\u00e1ctenos en support@kekonum.com o visite nuestra p\u00e1gina de contacto en https:\/\/kekonum.com\/contact.<\/span><\/p>\n<p><em><span dir=\"auto\" style=\"vertical-align: inherit;\"><span dir=\"auto\" style=\"vertical-align: inherit;\">Esta pol\u00edtica de cookies se actualiz\u00f3 por \u00faltima vez el 30 de enero de 2026.<\/span><\/span><\/em><\/p>\n","protected":false},"excerpt":{"rendered":"<p>Pol\u00edtica de cookies de Kekonum Esta es la Pol\u00edtica de Cookies de Kekonum, accesible desde https:\/\/kekonum.com \u00bfQu\u00e9 son las cookies? Como es habitual en casi todos los sitios web profesionales, este sitio utiliza cookies, que son peque\u00f1os archivos que se descargan en su ordenador, para mejorar su experiencia. Esta p\u00e1gina describe qu\u00e9 informaci\u00f3n recopilan, c\u00f3mo &#8230; <a title=\"Pol\u00edtica De Cookies\" class=\"read-more\" href=\"https:\/\/kekonum.com\/?page_id=8\" aria-label=\"Read more about Pol\u00edtica De Cookies\">Read more<\/a><\/p>\n","protected":false},"author":1,"featured_media":0,"parent":0,"menu_order":0,"comment_status":"closed","ping_status":"closed","template":"","meta":{"footnotes":""},"class_list":["post-8","page","type-page","status-publish"],"_links":{"self":[{"href":"https:\/\/kekonum.com\/index.php?rest_route=\/wp\/v2\/pages\/8","targetHints":{"allow":["GET"]}}],"collection":[{"href":"https:\/\/kekonum.com\/index.php?rest_route=\/wp\/v2\/pages"}],"about":[{"href":"https:\/\/kekonum.com\/index.php?rest_route=\/wp\/v2\/types\/page"}],"author":[{"embeddable":true,"href":"https:\/\/kekonum.com\/index.php?rest_route=\/wp\/v2\/users\/1"}],"replies":[{"embeddable":true,"href":"https:\/\/kekonum.com\/index.php?rest_route=%2Fwp%2Fv2%2Fcomments&post=8"}],"version-history":[{"count":2,"href":"https:\/\/kekonum.com\/index.php?rest_route=\/wp\/v2\/pages\/8\/revisions"}],"predecessor-version":[{"id":196,"href":"https:\/\/kekonum.com\/index.php?rest_route=\/wp\/v2\/pages\/8\/revisions\/196"}],"wp:attachment":[{"href":"https:\/\/kekonum.com\/index.php?rest_route=%2Fwp%2Fv2%2Fmedia&parent=8"}],"curies":[{"name":"wp","href":"https:\/\/api.w.org\/{rel}","templated":true}]}}